{"id":13995,"date":"2022-11-30T16:57:11","date_gmt":"2022-11-30T16:57:11","guid":{"rendered":"https:\/\/experience.transat.com\/?page_id=13995"},"modified":"2023-04-20T19:12:40","modified_gmt":"2023-04-20T19:12:40","slug":"a-propos","status":"publish","type":"page","link":"https:\/\/experience.transat.com\/fr\/a-propos\/","title":{"rendered":"\u00c0 propos"},"content":{"rendered":"\t\t<div data-elementor-type=\"wp-page\" data-elementor-id=\"13995\" class=\"elementor elementor-13995 elementor-8\" data-elementor-post-type=\"page\">\n\t\t\t\t\t\t<section class=\"elementor-section elementor-top-section elementor-element elementor-element-23580ad5 elementor-section-height-min-height single-post-banner elementor-section-boxed elementor-section-height-default elementor-section-items-middle\" data-id=\"23580ad5\" data-element_type=\"section\" data-settings=\"{&quot;background_background&quot;:&quot;classic&quot;}\">\n\t\t\t\t\t\t\t<div class=\"elementor-background-overlay\"><\/div>\n\t\t\t\t\t\t\t<div class=\"elementor-container elementor-column-gap-default\">\n\t\t\t\t\t<div class=\"elementor-column elementor-col-100 elementor-top-column elementor-element elementor-element-7aea0935\" data-id=\"7aea0935\" data-element_type=\"column\">\n\t\t\t<div class=\"elementor-widget-wrap\">\n\t\t\t\t\t\t\t<\/div>\n\t\t<\/div>\n\t\t\t\t\t<\/div>\n\t\t<\/section>\n\t\t\t\t<section class=\"elementor-section elementor-top-section elementor-element elementor-element-562291f elementor-section-boxed elementor-section-height-default elementor-section-height-default\" data-id=\"562291f\" data-element_type=\"section\">\n\t\t\t\t\t\t<div class=\"elementor-container elementor-column-gap-default\">\n\t\t\t\t\t<div class=\"elementor-column elementor-col-100 elementor-top-column elementor-element elementor-element-1e7c85a2\" data-id=\"1e7c85a2\" data-element_type=\"column\" data-settings=\"{&quot;background_background&quot;:&quot;classic&quot;}\">\n\t\t\t<div class=\"elementor-widget-wrap elementor-element-populated\">\n\t\t\t\t\t\t<div class=\"elementor-element elementor-element-8fb37b8 elementor-widget elementor-widget-theme-post-title elementor-page-title elementor-widget-heading\" data-id=\"8fb37b8\" data-element_type=\"widget\" data-widget_type=\"theme-post-title.default\">\n\t\t\t\t<div class=\"elementor-widget-container\">\n\t\t\t<style>\/*! elementor - v3.20.0 - 10-04-2024 *\/\n.elementor-heading-title{padding:0;margin:0;line-height:1}.elementor-widget-heading .elementor-heading-title[class*=elementor-size-]>a{color:inherit;font-size:inherit;line-height:inherit}.elementor-widget-heading .elementor-heading-title.elementor-size-small{font-size:15px}.elementor-widget-heading .elementor-heading-title.elementor-size-medium{font-size:19px}.elementor-widget-heading .elementor-heading-title.elementor-size-large{font-size:29px}.elementor-widget-heading .elementor-heading-title.elementor-size-xl{font-size:39px}.elementor-widget-heading .elementor-heading-title.elementor-size-xxl{font-size:59px}<\/style><h1 class=\"elementor-heading-title elementor-size-default\">\u00c0 propos<\/h1>\t\t<\/div>\n\t\t\t\t<\/div>\n\t\t\t\t\t<\/div>\n\t\t<\/div>\n\t\t\t\t\t<\/div>\n\t\t<\/section>\n\t\t\t\t<section class=\"elementor-section elementor-top-section elementor-element elementor-element-eb54eb8 elementor-section-boxed elementor-section-height-default elementor-section-height-default\" data-id=\"eb54eb8\" data-element_type=\"section\">\n\t\t\t\t\t\t<div class=\"elementor-container elementor-column-gap-default\">\n\t\t\t\t\t<div class=\"elementor-column elementor-col-100 elementor-top-column elementor-element elementor-element-4afa8907\" data-id=\"4afa8907\" data-element_type=\"column\" data-settings=\"{&quot;background_background&quot;:&quot;classic&quot;}\">\n\t\t\t<div class=\"elementor-widget-wrap elementor-element-populated\">\n\t\t\t\t\t\t<div class=\"elementor-element elementor-element-7ad634c6 elementor-widget elementor-widget-text-editor\" data-id=\"7ad634c6\" data-element_type=\"widget\" data-widget_type=\"text-editor.default\">\n\t\t\t\t<div class=\"elementor-widget-container\">\n\t\t\t<style>\/*! elementor - v3.20.0 - 10-04-2024 *\/\n.elementor-widget-text-editor.elementor-drop-cap-view-stacked .elementor-drop-cap{background-color:#69727d;color:#fff}.elementor-widget-text-editor.elementor-drop-cap-view-framed .elementor-drop-cap{color:#69727d;border:3px solid;background-color:transparent}.elementor-widget-text-editor:not(.elementor-drop-cap-view-default) .elementor-drop-cap{margin-top:8px}.elementor-widget-text-editor:not(.elementor-drop-cap-view-default) .elementor-drop-cap-letter{width:1em;height:1em}.elementor-widget-text-editor .elementor-drop-cap{float:left;text-align:center;line-height:1;font-size:50px}.elementor-widget-text-editor .elementor-drop-cap-letter{display:inline-block}<\/style>\t\t\t\t<p>Partir \u00e0 l&#8217;\u00e9tranger, c&#8217;est se laisser transformer par le pouvoir du voyage. C&#8217;est se donner le droit de d\u00e9connecter, d&#8217;aller \u00e0 la rencontre des autres, de revenir chang\u00e9\u00b7e.<\/p><p>Transat est fi\u00e8re de pouvoir accompagner les voyageurs dans leur p\u00e9riple, quel qu&#8217;il soit, peu importe la destination. Parce que les meilleurs souvenirs de voyage, ce sont souvent ceux auxquels on s&#8217;attend le moins.<\/p><p>Des vacances au soleil bien m\u00e9rit\u00e9es? On est l\u00e0.<br \/>Une aventure en sac \u00e0 dos dans un parc national de Californie? On est l\u00e0.<br \/>Une vir\u00e9e entre amis dans les plus beaux vignobles d&#8217;Europe? On est l\u00e0.<\/p><p>Sur cette plateforme, nous avons fait appel \u00e0 nos experts pour partager les meilleures adresses et les meilleurs conseils voyages aux quatre coins du monde. Mais aussi vous faire d\u00e9couvrir les coulisses de l&#8217;aviation et l&#8217;envers du d\u00e9cor, lorsque c&#8217;est vous qui prenez place \u00e0 bord! Au fil des ann\u00e9es, nous avons r\u00e9colt\u00e9 les comptoirs \u00e0 tacos favoris des locaux \u00e0 Sayulita, les petites all\u00e9es romantiques de Paris, les pubs historiques de Glasgow, les cenotes moins connues de Tulum, les activit\u00e9s insolites de Venise.<\/p><p>Pr\u00eat\u00b7e pour le d\u00e9collage?\u00a0<\/p>\t\t\t\t\t\t<\/div>\n\t\t\t\t<\/div>\n\t\t\t\t<div class=\"elementor-element elementor-element-26686b8 elementor-icon-list--layout-inline elementor-align-left elementor-hidden-mobile elementor-list-item-link-full_width elementor-widget elementor-widget-icon-list\" data-id=\"26686b8\" data-element_type=\"widget\" data-widget_type=\"icon-list.default\">\n\t\t\t\t<div class=\"elementor-widget-container\">\n\t\t\t<link rel=\"stylesheet\" href=\"\/wp-content\/plugins\/elementor\/assets\/css\/widget-icon-list.min.css\">\t\t<ul class=\"elementor-icon-list-items elementor-inline-items\">\n\t\t\t\t\t\t\t<li class=\"elementor-icon-list-item elementor-inline-item\">\n\t\t\t\t\t\t\t\t\t\t\t<a href=\"http:\/\/www.airtransat.com\/fr\" target=\"_blank\">\n\n\t\t\t\t\t\t\t\t\t\t\t<span class=\"elementor-icon-list-text\">Air Transat<\/span>\n\t\t\t\t\t\t\t\t\t\t\t<\/a>\n\t\t\t\t\t\t\t\t\t<\/li>\n\t\t\t\t\t\t\t\t<li class=\"elementor-icon-list-item elementor-inline-item\">\n\t\t\t\t\t\t\t\t\t\t\t<a href=\"https:\/\/www.transat.com\/fr-CA\/responsabilite-entreprise\/notre-ambition\" target=\"_blank\">\n\n\t\t\t\t\t\t\t\t\t\t\t<span class=\"elementor-icon-list-text\">Responsabilit\u00e9 d'entreprise<\/span>\n\t\t\t\t\t\t\t\t\t\t\t<\/a>\n\t\t\t\t\t\t\t\t\t<\/li>\n\t\t\t\t\t\t\t\t<li class=\"elementor-icon-list-item elementor-inline-item\">\n\t\t\t\t\t\t\t\t\t\t\t<a href=\"https:\/\/www.airtransat.com\/fr-CA\/info-voyage\" target=\"_blank\">\n\n\t\t\t\t\t\t\t\t\t\t\t<span class=\"elementor-icon-list-text\">Info voyage<\/span>\n\t\t\t\t\t\t\t\t\t\t\t<\/a>\n\t\t\t\t\t\t\t\t\t<\/li>\n\t\t\t\t\t\t<\/ul>\n\t\t\t\t<\/div>\n\t\t\t\t<\/div>\n\t\t\t\t<div class=\"elementor-element elementor-element-063d0f8 elementor-align-left elementor-hidden-desktop elementor-hidden-tablet elementor-icon-list--layout-traditional elementor-list-item-link-full_width elementor-widget elementor-widget-icon-list\" data-id=\"063d0f8\" data-element_type=\"widget\" data-widget_type=\"icon-list.default\">\n\t\t\t\t<div class=\"elementor-widget-container\">\n\t\t\t\t\t<ul class=\"elementor-icon-list-items\">\n\t\t\t\t\t\t\t<li class=\"elementor-icon-list-item\">\n\t\t\t\t\t\t\t\t\t\t\t<a href=\"http:\/\/www.airtransat.com\/en\" target=\"_blank\">\n\n\t\t\t\t\t\t\t\t\t\t\t<span class=\"elementor-icon-list-text\">Air Transat<\/span>\n\t\t\t\t\t\t\t\t\t\t\t<\/a>\n\t\t\t\t\t\t\t\t\t<\/li>\n\t\t\t\t\t\t\t\t<li class=\"elementor-icon-list-item\">\n\t\t\t\t\t\t\t\t\t\t\t<a href=\"https:\/\/www.transat.com\/en-CA\/corporate-responsibility\/our-ambition\" target=\"_blank\">\n\n\t\t\t\t\t\t\t\t\t\t\t<span class=\"elementor-icon-list-text\">Sustainable tourism<\/span>\n\t\t\t\t\t\t\t\t\t\t\t<\/a>\n\t\t\t\t\t\t\t\t\t<\/li>\n\t\t\t\t\t\t\t\t<li class=\"elementor-icon-list-item\">\n\t\t\t\t\t\t\t\t\t\t\t<a href=\"https:\/\/www.airtransat.com\/en-CA\/travel-information\" target=\"_blank\">\n\n\t\t\t\t\t\t\t\t\t\t\t<span class=\"elementor-icon-list-text\">Travel information<\/span>\n\t\t\t\t\t\t\t\t\t\t\t<\/a>\n\t\t\t\t\t\t\t\t\t<\/li>\n\t\t\t\t\t\t<\/ul>\n\t\t\t\t<\/div>\n\t\t\t\t<\/div>\n\t\t\t\t\t<\/div>\n\t\t<\/div>\n\t\t\t\t\t<\/div>\n\t\t<\/section>\n\t\t\t\t<\/div>\n\t\t","protected":false},"excerpt":{"rendered":"<p>Partir \u00e0 l&#8217;\u00e9tranger, c&#8217;est se laisser transformer par le pouvoir du voyage. C&#8217;est se donner le droit de d\u00e9connecter, d&#8217;aller \u00e0 la rencontre des autres, de revenir chang\u00e9\u00b7e. Transat est fi\u00e8re de pouvoir accompagner les voyageurs dans leur p\u00e9riple, quel qu&#8217;il soit, peu importe la destination. Parce que les meilleurs souvenirs de voyage, ce sont [&hellip;]<\/p>\n","protected":false},"author":163,"featured_media":0,"parent":0,"menu_order":0,"comment_status":"closed","ping_status":"closed","template":"elementor_header_footer","meta":{"_acf_changed":false,"footnotes":""},"class_list":["post-13995","page","type-page","status-publish","hentry"],"acf":[],"yoast_head":"<!-- This site is optimized with the Yoast SEO Premium plugin v22.4 (Yoast SEO v22.6) - https:\/\/yoast.com\/wordpress\/plugins\/seo\/ -->\n<title>\u00c0 propos | Experience Transat<\/title>\n<meta name=\"description\" content=\"Partir \u00e0 l&#039;\u00e9tranger, c&#039;est se laisser transformer par le pouvoir du voyage. C&#039;est se donner le droit de d\u00e9connecter, d&#039;aller \u00e0 la rencontre des autres, de\" \/>\n<meta name=\"robots\" content=\"index, follow, max-snippet:-1, max-image-preview:large, max-video-preview:-1\" \/>\n<link rel=\"canonical\" href=\"https:\/\/experience.transat.com\/fr\/a-propos\/\" \/>\n<meta property=\"og:locale\" content=\"fr_FR\" \/>\n<meta property=\"og:type\" content=\"article\" \/>\n<meta property=\"og:title\" content=\"\u00c0 propos\" \/>\n<meta property=\"og:description\" content=\"Partir \u00e0 l&#039;\u00e9tranger, c&#039;est se laisser transformer par le pouvoir du voyage. C&#039;est se donner le droit de d\u00e9connecter, d&#039;aller \u00e0 la rencontre des autres, de\" \/>\n<meta property=\"og:url\" content=\"https:\/\/experience.transat.com\/fr\/a-propos\/\" \/>\n<meta property=\"og:site_name\" content=\"Experience Transat\" \/>\n<meta property=\"article:modified_time\" content=\"2023-04-20T19:12:40+00:00\" \/>\n<meta name=\"twitter:card\" content=\"summary_large_image\" \/>\n<meta name=\"twitter:label1\" content=\"Est. reading time\" \/>\n\t<meta name=\"twitter:data1\" content=\"2 minutes\" \/>\n<script type=\"application\/ld+json\" class=\"yoast-schema-graph\">{\"@context\":\"https:\/\/schema.org\",\"@graph\":[{\"@type\":\"WebPage\",\"@id\":\"https:\/\/experience.transat.com\/fr\/a-propos\/\",\"url\":\"https:\/\/experience.transat.com\/fr\/a-propos\/\",\"name\":\"\u00c0 propos | Experience Transat\",\"isPartOf\":{\"@id\":\"https:\/\/experience.transat.com\/#website\"},\"datePublished\":\"2022-11-30T16:57:11+00:00\",\"dateModified\":\"2023-04-20T19:12:40+00:00\",\"description\":\"Partir \u00e0 l'\u00e9tranger, c'est se laisser transformer par le pouvoir du voyage. C'est se donner le droit de d\u00e9connecter, d'aller \u00e0 la rencontre des autres, de\",\"breadcrumb\":{\"@id\":\"https:\/\/experience.transat.com\/fr\/a-propos\/#breadcrumb\"},\"inLanguage\":\"fr-FR\",\"potentialAction\":[{\"@type\":\"ReadAction\",\"target\":[\"https:\/\/experience.transat.com\/fr\/a-propos\/\"]}]},{\"@type\":\"BreadcrumbList\",\"@id\":\"https:\/\/experience.transat.com\/fr\/a-propos\/#breadcrumb\",\"itemListElement\":[{\"@type\":\"ListItem\",\"position\":1,\"name\":\"Home\",\"item\":\"https:\/\/experience.transat.com\/fr\/accueil\/\"},{\"@type\":\"ListItem\",\"position\":2,\"name\":\"\u00c0 propos\"}]},{\"@type\":\"WebSite\",\"@id\":\"https:\/\/experience.transat.com\/#website\",\"url\":\"https:\/\/experience.transat.com\/\",\"name\":\"#ExperienceTransat\",\"description\":\"Welcome to the Experience Transat Blog. Find travel tips from our expert travellers for every Transat destination. Happy Travels!\",\"publisher\":{\"@id\":\"https:\/\/experience.transat.com\/#organization\"},\"potentialAction\":[{\"@type\":\"SearchAction\",\"target\":{\"@type\":\"EntryPoint\",\"urlTemplate\":\"https:\/\/experience.transat.com\/?s={search_term_string}\"},\"query-input\":\"required name=search_term_string\"}],\"inLanguage\":\"fr-FR\"},{\"@type\":\"Organization\",\"@id\":\"https:\/\/experience.transat.com\/#organization\",\"name\":\"#ExperienceTransat\",\"alternateName\":\"Air Transat Travel Blog\",\"url\":\"https:\/\/experience.transat.com\/\",\"logo\":{\"@type\":\"ImageObject\",\"inLanguage\":\"fr-FR\",\"@id\":\"https:\/\/experience.transat.com\/#\/schema\/logo\/image\/\",\"url\":\"\/wp-content\/uploads\/2023\/09\/cropped-Transat-logo.jpg\",\"contentUrl\":\"\/wp-content\/uploads\/2023\/09\/cropped-Transat-logo.jpg\",\"width\":2301,\"height\":657,\"caption\":\"#ExperienceTransat\"},\"image\":{\"@id\":\"https:\/\/experience.transat.com\/#\/schema\/logo\/image\/\"}}]}<\/script>\n<!-- \/ Yoast SEO Premium plugin. -->","yoast_head_json":{"title":"\u00c0 propos | Experience Transat","description":"Partir \u00e0 l'\u00e9tranger, c'est se laisser transformer par le pouvoir du voyage. C'est se donner le droit de d\u00e9connecter, d'aller \u00e0 la rencontre des autres, de","robots":{"index":"index","follow":"follow","max-snippet":"max-snippet:-1","max-image-preview":"max-image-preview:large","max-video-preview":"max-video-preview:-1"},"canonical":"https:\/\/experience.transat.com\/fr\/a-propos\/","og_locale":"fr_FR","og_type":"article","og_title":"\u00c0 propos","og_description":"Partir \u00e0 l'\u00e9tranger, c'est se laisser transformer par le pouvoir du voyage. C'est se donner le droit de d\u00e9connecter, d'aller \u00e0 la rencontre des autres, de","og_url":"https:\/\/experience.transat.com\/fr\/a-propos\/","og_site_name":"Experience Transat","article_modified_time":"2023-04-20T19:12:40+00:00","twitter_card":"summary_large_image","twitter_misc":{"Est. reading time":"2 minutes"},"schema":{"@context":"https:\/\/schema.org","@graph":[{"@type":"WebPage","@id":"https:\/\/experience.transat.com\/fr\/a-propos\/","url":"https:\/\/experience.transat.com\/fr\/a-propos\/","name":"\u00c0 propos | Experience Transat","isPartOf":{"@id":"https:\/\/experience.transat.com\/#website"},"datePublished":"2022-11-30T16:57:11+00:00","dateModified":"2023-04-20T19:12:40+00:00","description":"Partir \u00e0 l'\u00e9tranger, c'est se laisser transformer par le pouvoir du voyage. C'est se donner le droit de d\u00e9connecter, d'aller \u00e0 la rencontre des autres, de","breadcrumb":{"@id":"https:\/\/experience.transat.com\/fr\/a-propos\/#breadcrumb"},"inLanguage":"fr-FR","potentialAction":[{"@type":"ReadAction","target":["https:\/\/experience.transat.com\/fr\/a-propos\/"]}]},{"@type":"BreadcrumbList","@id":"https:\/\/experience.transat.com\/fr\/a-propos\/#breadcrumb","itemListElement":[{"@type":"ListItem","position":1,"name":"Home","item":"https:\/\/experience.transat.com\/fr\/accueil\/"},{"@type":"ListItem","position":2,"name":"\u00c0 propos"}]},{"@type":"WebSite","@id":"https:\/\/experience.transat.com\/#website","url":"https:\/\/experience.transat.com\/","name":"#ExperienceTransat","description":"Welcome to the Experience Transat Blog. Find travel tips from our expert travellers for every Transat destination. Happy Travels!","publisher":{"@id":"https:\/\/experience.transat.com\/#organization"},"potentialAction":[{"@type":"SearchAction","target":{"@type":"EntryPoint","urlTemplate":"https:\/\/experience.transat.com\/?s={search_term_string}"},"query-input":"required name=search_term_string"}],"inLanguage":"fr-FR"},{"@type":"Organization","@id":"https:\/\/experience.transat.com\/#organization","name":"#ExperienceTransat","alternateName":"Air Transat Travel Blog","url":"https:\/\/experience.transat.com\/","logo":{"@type":"ImageObject","inLanguage":"fr-FR","@id":"https:\/\/experience.transat.com\/#\/schema\/logo\/image\/","url":"\/wp-content\/uploads\/2023\/09\/cropped-Transat-logo.jpg","contentUrl":"\/wp-content\/uploads\/2023\/09\/cropped-Transat-logo.jpg","width":2301,"height":657,"caption":"#ExperienceTransat"},"image":{"@id":"https:\/\/experience.transat.com\/#\/schema\/logo\/image\/"}}]}},"_links":{"self":[{"href":"https:\/\/experience.transat.com\/fr\/wp-json\/wp\/v2\/pages\/13995","targetHints":{"allow":["GET"]}}],"collection":[{"href":"https:\/\/experience.transat.com\/fr\/wp-json\/wp\/v2\/pages"}],"about":[{"href":"https:\/\/experience.transat.com\/fr\/wp-json\/wp\/v2\/types\/page"}],"author":[{"embeddable":true,"href":"https:\/\/experience.transat.com\/fr\/wp-json\/wp\/v2\/users\/163"}],"replies":[{"embeddable":true,"href":"https:\/\/experience.transat.com\/fr\/wp-json\/wp\/v2\/comments?post=13995"}],"version-history":[{"count":0,"href":"https:\/\/experience.transat.com\/fr\/wp-json\/wp\/v2\/pages\/13995\/revisions"}],"wp:attachment":[{"href":"https:\/\/experience.transat.com\/fr\/wp-json\/wp\/v2\/media?parent=13995"}],"curies":[{"name":"wp","href":"https:\/\/api.w.org\/{rel}","templated":true}]}}